{"id":646,"date":"2022-09-09T13:26:56","date_gmt":"2022-09-09T11:26:56","guid":{"rendered":"https:\/\/www.cra-centre.org\/sensorialitev2\/?page_id=646"},"modified":"2024-09-17T12:30:28","modified_gmt":"2024-09-17T10:30:28","slug":"topo","status":"publish","type":"page","link":"https:\/\/www.cra-centre.org\/sensorialitev2\/topo\/","title":{"rendered":"Guide"},"content":{"rendered":"\t\t<div data-elementor-type=\"wp-page\" data-elementor-id=\"646\" class=\"elementor elementor-646\" data-elementor-post-type=\"page\">\n\t\t\t\t<div class=\"elementor-element elementor-element-80c1dc9 e-con-full e-flex e-con e-parent\" data-id=\"80c1dc9\" data-element_type=\"container\" data-e-type=\"container\" data-settings=\"{&quot;background_background&quot;:&quot;classic&quot;}\">\n\t\t<div class=\"elementor-element elementor-element-6f6adda e-flex e-con-boxed e-con e-child\" data-id=\"6f6adda\" data-element_type=\"container\" data-e-type=\"container\">\n\t\t\t\t\t<div class=\"e-con-inner\">\n\t\t\t\t<div class=\"elementor-element elementor-element-d729a23 elementor-widget elementor-widget-heading\" data-id=\"d729a23\" data-element_type=\"widget\" data-e-type=\"widget\" data-widget_type=\"heading.default\">\n\t\t\t\t<div class=\"elementor-widget-container\">\n\t\t\t\t\t<h2 class=\"elementor-heading-title elementor-size-default\">GUIDE DE LA SENSORIALIT\u00c9<\/h2>\t\t\t\t<\/div>\n\t\t\t\t<\/div>\n\t\t\t\t<div class=\"elementor-element elementor-element-59bfa60 elementor-widget elementor-widget-shortcode\" data-id=\"59bfa60\" data-element_type=\"widget\" data-e-type=\"widget\" data-widget_type=\"shortcode.default\">\n\t\t\t\t<div class=\"elementor-widget-container\">\n\t\t\t\t\t\t\t<div class=\"elementor-shortcode\"><div class=\"site-breadcrumbs clr\"><span class=\"last\">Accueil<\/span><\/div><\/div>\n\t\t\t\t\t\t<\/div>\n\t\t\t\t<\/div>\n\t\t\t\t\t<\/div>\n\t\t\t\t<\/div>\n\t\t\t\t<\/div>\n\t\t<div class=\"elementor-element elementor-element-adafde3 e-flex e-con-boxed e-con e-parent\" data-id=\"adafde3\" data-element_type=\"container\" data-e-type=\"container\">\n\t\t\t\t\t<div class=\"e-con-inner\">\n\t\t<div class=\"elementor-element elementor-element-021d0ba e-con-full e-flex e-con e-child\" data-id=\"021d0ba\" data-element_type=\"container\" data-e-type=\"container\">\n\t\t<div class=\"elementor-element elementor-element-716565b e-con-full e-flex elementor-invisible e-con e-child\" data-id=\"716565b\" data-element_type=\"container\" data-e-type=\"container\" data-settings=\"{&quot;animation&quot;:&quot;fadeIn&quot;}\">\n\t\t\t\t<div class=\"elementor-element elementor-element-52c04e4 elementor-widget elementor-widget-heading\" data-id=\"52c04e4\" data-element_type=\"widget\" data-e-type=\"widget\" data-widget_type=\"heading.default\">\n\t\t\t\t<div class=\"elementor-widget-container\">\n\t\t\t\t\t<h2 class=\"elementor-heading-title elementor-size-default\">1. Introduction<\/h2>\t\t\t\t<\/div>\n\t\t\t\t<\/div>\n\t\t\t\t<div class=\"elementor-element elementor-element-c1d883c elementor-widget elementor-widget-text-editor\" data-id=\"c1d883c\" data-element_type=\"widget\" data-e-type=\"widget\" data-widget_type=\"text-editor.default\">\n\t\t\t\t<div class=\"elementor-widget-container\">\n\t\t\t\t\t\t\t\t\t<p>Les causes principales de l\u2019apparition des troubles du comportement dans le Trouble du Spectre de l&rsquo;Autisme (TSA) sont :<\/p><ul><li>le trouble de la communication<\/li><li><strong>le trouble du traitement des informations sensorielles<\/strong><\/li><li>les douleurs somatiques<\/li><\/ul><p>Afin de comprendre et d\u2019accompagner au mieux la personne avec Autisme, il est donc n\u00e9cessaire de bien prendre en compte\u00a0les troubles sensoriels \u00e9ventuels\u00a0qui peuvent perturber significativement le d\u00e9veloppement et les comportements au quotidien.<\/p><p>Depuis la publication du DSM-5 en 2013, les troubles sensoriels font partie int\u00e9grante du diagnostic.<br \/>Une\u00a0<span style=\"color: #33cccc;\"><strong>hyper\u00a0<\/strong><\/span>ou\u00a0<span style=\"color: #ff0000;\"><strong>hypo\u00a0<\/strong><\/span>r\u00e9activit\u00e9 \u00e0 des stimuli sensoriels ou des int\u00e9r\u00eats inhabituels envers des \u00e9l\u00e9ments sensoriels de l\u2019environnement y sont d\u00e9crits.<\/p><p>Comme par exemple:<\/p><ul><li><strong>une indiff\u00e9rence \u00e0 la douleur\/temp\u00e9rature<\/strong><\/li><li><strong>une g\u00eane \u00e0 certains sons ou textures<\/strong><\/li><li><strong>une fascination pour les lumi\u00e8res ou objets qui tournent<\/strong><\/li><\/ul>\t\t\t\t\t\t\t\t<\/div>\n\t\t\t\t<\/div>\n\t\t\t\t<div class=\"elementor-element elementor-element-c67bfaa elementor-widget elementor-widget-text-editor\" data-id=\"c67bfaa\" data-element_type=\"widget\" data-e-type=\"widget\" data-widget_type=\"text-editor.default\">\n\t\t\t\t<div class=\"elementor-widget-container\">\n\t\t\t\t\t\t\t\t\t<p>Les capteurs sensoriels semblent bien fonctionner.<br \/>En revanche, les \u00e9tudes d\u00e9crivent un trouble du traitement des informations sensorielles au niveau du Syst\u00e8me Nerveux Central avec des difficult\u00e9s \u00e0 moduler, \u00e0 filtrer le message qui est per\u00e7u trop ou pas assez fort (inhibition des informations pertinentes et alerte de l\u2019individu sur des informations non pertinentes) et induisant\u00a0des r\u00e9actions de d\u00e9sarroi, de n\u00e9gligence ou de fascination.<\/p>\t\t\t\t\t\t\t\t<\/div>\n\t\t\t\t<\/div>\n\t\t\t\t<div class=\"elementor-element elementor-element-9f7ee13 elementor-widget elementor-widget-image\" data-id=\"9f7ee13\" data-element_type=\"widget\" data-e-type=\"widget\" data-widget_type=\"image.default\">\n\t\t\t\t<div class=\"elementor-widget-container\">\n\t\t\t\t\t\t\t\t\t\t\t\t<figure class=\"wp-caption\">\n\t\t\t\t\t\t\t\t\t\t\t<a href=\"https:\/\/www.cra-centre.org\/sensorialitev2\/wp-content\/uploads\/2024\/06\/graphe_stimuli_6000x4192_300dpi.png\" data-elementor-open-lightbox=\"yes\" data-elementor-lightbox-title=\"graphe_stimuli_6000x4192_300dpi\" data-e-action-hash=\"#elementor-action%3Aaction%3Dlightbox%26settings%3DeyJpZCI6MTI4MiwidXJsIjoiaHR0cHM6XC9cL3d3dy5jcmEtY2VudHJlLm9yZ1wvc2Vuc29yaWFsaXRldjJcL3dwLWNvbnRlbnRcL3VwbG9hZHNcLzIwMjRcLzA2XC9ncmFwaGVfc3RpbXVsaV82MDAweDQxOTJfMzAwZHBpLnBuZyJ9\">\n\t\t\t\t\t\t\t<img fetchpriority=\"high\" decoding=\"async\" width=\"6000\" height=\"4192\" src=\"https:\/\/www.cra-centre.org\/sensorialitev2\/wp-content\/uploads\/2024\/06\/graphe_stimuli_6000x4192_300dpi.png\" class=\"elementor-animation-grow attachment-full size-full wp-image-1282\" alt=\"\" srcset=\"https:\/\/www.cra-centre.org\/sensorialitev2\/wp-content\/uploads\/2024\/06\/graphe_stimuli_6000x4192_300dpi.png 6000w, https:\/\/www.cra-centre.org\/sensorialitev2\/wp-content\/uploads\/2024\/06\/graphe_stimuli_6000x4192_300dpi-300x210.png 300w, https:\/\/www.cra-centre.org\/sensorialitev2\/wp-content\/uploads\/2024\/06\/graphe_stimuli_6000x4192_300dpi-1024x715.png 1024w, https:\/\/www.cra-centre.org\/sensorialitev2\/wp-content\/uploads\/2024\/06\/graphe_stimuli_6000x4192_300dpi-768x537.png 768w, https:\/\/www.cra-centre.org\/sensorialitev2\/wp-content\/uploads\/2024\/06\/graphe_stimuli_6000x4192_300dpi-1536x1073.png 1536w, https:\/\/www.cra-centre.org\/sensorialitev2\/wp-content\/uploads\/2024\/06\/graphe_stimuli_6000x4192_300dpi-2048x1431.png 2048w\" sizes=\"(max-width: 6000px) 100vw, 6000px\" \/>\t\t\t\t\t\t\t\t<\/a>\n\t\t\t\t\t\t\t\t\t\t\t<figcaption class=\"widget-image-caption wp-caption-text\"><\/figcaption>\n\t\t\t\t\t\t\t\t\t\t<\/figure>\n\t\t\t\t\t\t\t\t\t<\/div>\n\t\t\t\t<\/div>\n\t\t\t\t<\/div>\n\t\t\t\t<\/div>\n\t\t\t\t\t<\/div>\n\t\t\t\t<\/div>\n\t\t<div class=\"elementor-element elementor-element-6a14546 e-flex e-con-boxed e-con e-parent\" data-id=\"6a14546\" data-element_type=\"container\" data-e-type=\"container\">\n\t\t\t\t\t<div class=\"e-con-inner\">\n\t\t<div class=\"elementor-element elementor-element-202805c e-con-full e-flex e-con e-child\" data-id=\"202805c\" data-element_type=\"container\" data-e-type=\"container\">\n\t\t<div class=\"elementor-element elementor-element-31d2074 e-con-full e-flex e-con e-child\" data-id=\"31d2074\" data-element_type=\"container\" data-e-type=\"container\">\n\t\t\t\t<div class=\"elementor-element elementor-element-2855718 elementor-widget elementor-widget-heading\" data-id=\"2855718\" data-element_type=\"widget\" data-e-type=\"widget\" data-widget_type=\"heading.default\">\n\t\t\t\t<div class=\"elementor-widget-container\">\n\t\t\t\t\t<h2 class=\"elementor-heading-title elementor-size-default\"><a href=\"https:\/\/www.cra-centre.org\/sensorialitev2\/guide-les-3-grands-profils\/\">SUIVANT &gt;<\/a><\/h2>\t\t\t\t<\/div>\n\t\t\t\t<\/div>\n\t\t\t\t<div class=\"elementor-element elementor-element-5d785bb elementor-align-justify elementor-widget elementor-widget-button\" data-id=\"5d785bb\" data-element_type=\"widget\" data-e-type=\"widget\" data-widget_type=\"button.default\">\n\t\t\t\t<div class=\"elementor-widget-container\">\n\t\t\t\t\t\t\t\t\t<div class=\"elementor-button-wrapper\">\n\t\t\t\t\t<a class=\"elementor-button elementor-button-link elementor-size-sm\" href=\"https:\/\/www.cra-centre.org\/sensorialitev2\/guide-les-3-grands-profils\/\">\n\t\t\t\t\t\t<span class=\"elementor-button-content-wrapper\">\n\t\t\t\t\t\t\t\t\t<span class=\"elementor-button-text\">2. Les 3 grands profils comportementaux<\/span>\n\t\t\t\t\t<\/span>\n\t\t\t\t\t<\/a>\n\t\t\t\t<\/div>\n\t\t\t\t\t\t\t\t<\/div>\n\t\t\t\t<\/div>\n\t\t\t\t<\/div>\n\t\t\t\t<\/div>\n\t\t\t\t\t<\/div>\n\t\t\t\t<\/div>\n\t\t\t\t<\/div>\n\t\t","protected":false},"excerpt":{"rendered":"<p>GUIDE DE LA SENSORIALIT\u00c9 1. Introduction Les causes principales de l\u2019apparition des troubles du comportement dans le Trouble du Spectre de l&rsquo;Autisme (TSA) sont : le trouble de la communication le trouble du traitement des informations sensorielles les douleurs somatiques Afin de comprendre et d\u2019accompagner au mieux la personne avec Autisme, il est donc n\u00e9cessaire [&hellip;]<\/p>\n","protected":false},"author":1,"featured_media":749,"parent":0,"menu_order":0,"comment_status":"closed","ping_status":"closed","template":"elementor_header_footer","meta":{"_acf_changed":false,"footnotes":""},"class_list":["post-646","page","type-page","status-publish","has-post-thumbnail","hentry","entry","has-media"],"acf":[],"_links":{"self":[{"href":"https:\/\/www.cra-centre.org\/sensorialitev2\/wp-json\/wp\/v2\/pages\/646","targetHints":{"allow":["GET"]}}],"collection":[{"href":"https:\/\/www.cra-centre.org\/sensorialitev2\/wp-json\/wp\/v2\/pages"}],"about":[{"href":"https:\/\/www.cra-centre.org\/sensorialitev2\/wp-json\/wp\/v2\/types\/page"}],"author":[{"embeddable":true,"href":"https:\/\/www.cra-centre.org\/sensorialitev2\/wp-json\/wp\/v2\/users\/1"}],"replies":[{"embeddable":true,"href":"https:\/\/www.cra-centre.org\/sensorialitev2\/wp-json\/wp\/v2\/comments?post=646"}],"version-history":[{"count":495,"href":"https:\/\/www.cra-centre.org\/sensorialitev2\/wp-json\/wp\/v2\/pages\/646\/revisions"}],"predecessor-version":[{"id":2792,"href":"https:\/\/www.cra-centre.org\/sensorialitev2\/wp-json\/wp\/v2\/pages\/646\/revisions\/2792"}],"wp:featuredmedia":[{"embeddable":true,"href":"https:\/\/www.cra-centre.org\/sensorialitev2\/wp-json\/wp\/v2\/media\/749"}],"wp:attachment":[{"href":"https:\/\/www.cra-centre.org\/sensorialitev2\/wp-json\/wp\/v2\/media?parent=646"}],"curies":[{"name":"wp","href":"https:\/\/api.w.org\/{rel}","templated":true}]}}