{"id":2810,"date":"2025-09-26T13:44:09","date_gmt":"2025-09-26T11:44:09","guid":{"rendered":"https:\/\/www.cra-centre.org\/sensorialitev2\/?page_id=2810"},"modified":"2025-09-26T13:50:10","modified_gmt":"2025-09-26T11:50:10","slug":"mentions-legales","status":"publish","type":"page","link":"https:\/\/www.cra-centre.org\/sensorialitev2\/mentions-legales\/","title":{"rendered":"Mentions legales"},"content":{"rendered":"\t\t<div data-elementor-type=\"wp-page\" data-elementor-id=\"2810\" class=\"elementor elementor-2810\" data-elementor-post-type=\"page\">\n\t\t\t\t<div class=\"elementor-element elementor-element-711a7e6 e-flex e-con-boxed e-con e-parent\" data-id=\"711a7e6\" data-element_type=\"container\" data-e-type=\"container\" data-settings=\"{&quot;background_background&quot;:&quot;classic&quot;}\">\n\t\t\t\t\t<div class=\"e-con-inner\">\n\t\t<div class=\"elementor-element elementor-element-cfe8ed2 e-con-full e-flex e-con e-child\" data-id=\"cfe8ed2\" data-element_type=\"container\" data-e-type=\"container\">\n\t\t\t\t<div class=\"elementor-element elementor-element-ebe066a elementor-widget elementor-widget-heading\" data-id=\"ebe066a\" data-element_type=\"widget\" data-e-type=\"widget\" data-widget_type=\"heading.default\">\n\t\t\t\t<div class=\"elementor-widget-container\">\n\t\t\t\t\t<h2 class=\"elementor-heading-title elementor-size-default\">Mentions l\u00e9gales<\/h2>\t\t\t\t<\/div>\n\t\t\t\t<\/div>\n\t\t\t\t<\/div>\n\t\t\t\t\t<\/div>\n\t\t\t\t<\/div>\n\t\t<div class=\"elementor-element elementor-element-a6a2a06 e-flex e-con-boxed e-con e-parent\" data-id=\"a6a2a06\" data-element_type=\"container\" data-e-type=\"container\">\n\t\t\t\t\t<div class=\"e-con-inner\">\n\t\t<div class=\"elementor-element elementor-element-871f332 e-con-full e-flex e-con e-child\" data-id=\"871f332\" data-element_type=\"container\" data-e-type=\"container\">\n\t\t\t\t<div class=\"elementor-element elementor-element-0c61c14 elementor-widget elementor-widget-text-editor\" data-id=\"0c61c14\" data-element_type=\"widget\" data-e-type=\"widget\" data-widget_type=\"text-editor.default\">\n\t\t\t\t<div class=\"elementor-widget-container\">\n\t\t\t\t\t\t\t\t\t<p>Le site internet www.cra-centre.org\/Sensorialit\u00e9 est \u00e9dit\u00e9 par<\/p><p><span style=\"color: #32b5b7;\"><strong>Centre de Ressources Autisme Centre-Val de Loire<\/strong><\/span><br \/>CHRU Bretonneau<br \/>2, boulevard Tonnell\u00e9<br \/>37044 Tours Cedex 9<br \/>T\u00e9l.: 02 47 47 86 46<\/p><p>sous la responsabilit\u00e9 de son m\u00e9decin coordonnateur, le Pr Fr\u00e9d\u00e9rique Bonnet-Brilhault<br \/>et de la direction de la communication du CHRU de Tours.<\/p><p><span style=\"color: #32b5b7;\"><strong>Conception et r\u00e9daction<\/strong><\/span><br \/>Cellule communication du CRA Centre-Val de Loire :<br \/>La\u00ebtitia Fortier, Marie-Pierre Pluchart, Julie Allard-Ech-Chouikh, Serge Berthier, Jean Michel Massay Ntonda<\/p><p><strong><span style=\"color: #32b5b7;\">Infographiste-Webdesigner<\/span><\/strong><br \/>Jean Michel Massay Ntonda<br \/>T\u00e9l; : 02 47 47 69 18<br \/>j.massayntonda (\u00e0) chu-tours.fr<\/p><p><span style=\"color: #32b5b7;\"><strong>Webmestre<\/strong><\/span><br \/>Serge Berthier<br \/>Centre d&rsquo;information documentaire du C.R.A. Centre-Val de Loire<br \/>T\u00e9l. : 02 47 47 75 98<br \/>webmestre (\u00e0) cra-centre.org<\/p><p><strong><span style=\"color: #32b5b7;\">H\u00e9bergement<\/span><\/strong><br \/>h\u00e9bergement mutualis\u00e9 fourni par INFOMANIAK NETWORK SA<br \/>Swiss Post Box: 106407<br \/>Quai du Mont-Blanc, 33<br \/>CH-1201 Gen\u00e8ve<\/p><p><span style=\"color: #32b5b7;\"><strong>Propri\u00e9t\u00e9 intellectuelle<\/strong><\/span><br \/>Les textes et les documents photographiques sont, sauf mention contraire, la propri\u00e9t\u00e9 du C.R.A. et ne peuvent \u00eatre reproduits sans son autorisation.<br \/>Toutefois, au titre du droit de courte citation (articles L 122-5 et L211-3 du CPI), certaines partie de textes ou documents peuvent \u00eatre reproduites sans l&rsquo;autorisation pr\u00e9alable de l&rsquo;ayant-droit, et ceci \u00e0 titre d&rsquo;information du public.<\/p><p>Si, en tant qu&rsquo;ayant droit, vous estimez toutefois que cette reproduction porte \u00e9ventuellement atteinte \u00e0 vos droits de propri\u00e9t\u00e9 intellectuelle, merci de contacter le webmestre.<\/p>\t\t\t\t\t\t\t\t<\/div>\n\t\t\t\t<\/div>\n\t\t\t\t<\/div>\n\t\t\t\t\t<\/div>\n\t\t\t\t<\/div>\n\t\t<div class=\"elementor-element elementor-element-249ad63 e-flex e-con-boxed e-con e-parent\" data-id=\"249ad63\" data-element_type=\"container\" data-e-type=\"container\">\n\t\t\t\t\t<div class=\"e-con-inner\">\n\t\t\t\t<div class=\"elementor-element elementor-element-31b33f2 elementor-widget elementor-widget-spacer\" data-id=\"31b33f2\" data-element_type=\"widget\" data-e-type=\"widget\" data-widget_type=\"spacer.default\">\n\t\t\t\t<div class=\"elementor-widget-container\">\n\t\t\t\t\t\t\t<div class=\"elementor-spacer\">\n\t\t\t<div class=\"elementor-spacer-inner\"><\/div>\n\t\t<\/div>\n\t\t\t\t\t\t<\/div>\n\t\t\t\t<\/div>\n\t\t\t\t\t<\/div>\n\t\t\t\t<\/div>\n\t\t\t\t<\/div>\n\t\t","protected":false},"excerpt":{"rendered":"<p>Mentions l\u00e9gales Le site internet www.cra-centre.org\/Sensorialit\u00e9 est \u00e9dit\u00e9 par Centre de Ressources Autisme Centre-Val de LoireCHRU Bretonneau2, boulevard Tonnell\u00e937044 Tours Cedex 9T\u00e9l.: 02 47 47 86 46 sous la responsabilit\u00e9 de son m\u00e9decin coordonnateur, le Pr Fr\u00e9d\u00e9rique Bonnet-Brilhaultet de la direction de la communication du CHRU de Tours. Conception et r\u00e9dactionCellule communication du CRA Centre-Val [&hellip;]<\/p>\n","protected":false},"author":1,"featured_media":0,"parent":0,"menu_order":0,"comment_status":"closed","ping_status":"closed","template":"elementor_header_footer","meta":{"_acf_changed":false,"footnotes":""},"class_list":["post-2810","page","type-page","status-publish","hentry","entry"],"acf":[],"_links":{"self":[{"href":"https:\/\/www.cra-centre.org\/sensorialitev2\/wp-json\/wp\/v2\/pages\/2810","targetHints":{"allow":["GET"]}}],"collection":[{"href":"https:\/\/www.cra-centre.org\/sensorialitev2\/wp-json\/wp\/v2\/pages"}],"about":[{"href":"https:\/\/www.cra-centre.org\/sensorialitev2\/wp-json\/wp\/v2\/types\/page"}],"author":[{"embeddable":true,"href":"https:\/\/www.cra-centre.org\/sensorialitev2\/wp-json\/wp\/v2\/users\/1"}],"replies":[{"embeddable":true,"href":"https:\/\/www.cra-centre.org\/sensorialitev2\/wp-json\/wp\/v2\/comments?post=2810"}],"version-history":[{"count":5,"href":"https:\/\/www.cra-centre.org\/sensorialitev2\/wp-json\/wp\/v2\/pages\/2810\/revisions"}],"predecessor-version":[{"id":2819,"href":"https:\/\/www.cra-centre.org\/sensorialitev2\/wp-json\/wp\/v2\/pages\/2810\/revisions\/2819"}],"wp:attachment":[{"href":"https:\/\/www.cra-centre.org\/sensorialitev2\/wp-json\/wp\/v2\/media?parent=2810"}],"curies":[{"name":"wp","href":"https:\/\/api.w.org\/{rel}","templated":true}]}}