{"id":2322,"date":"2024-09-12T14:18:17","date_gmt":"2024-09-12T12:18:17","guid":{"rendered":"https:\/\/www.cra-centre.org\/sensorialitev2\/?page_id=2322"},"modified":"2024-09-17T15:46:00","modified_gmt":"2024-09-17T13:46:00","slug":"guide-que-disent-les-recommandations-de-bonnes-pratiques-de-lhas-anesm-2012","status":"publish","type":"page","link":"https:\/\/www.cra-centre.org\/sensorialitev2\/guide-que-disent-les-recommandations-de-bonnes-pratiques-de-lhas-anesm-2012\/","title":{"rendered":"GUIDE-Que disent les recommandations de bonnes pratiques de l&rsquo;HAS\/ANESM (2012)"},"content":{"rendered":"\t\t<div data-elementor-type=\"wp-page\" data-elementor-id=\"2322\" class=\"elementor elementor-2322\" data-elementor-post-type=\"page\">\n\t\t\t\t<div class=\"elementor-element elementor-element-939bbe2 e-con-full e-flex e-con e-parent\" data-id=\"939bbe2\" data-element_type=\"container\" data-e-type=\"container\" data-settings=\"{&quot;background_background&quot;:&quot;classic&quot;}\">\n\t\t<div class=\"elementor-element elementor-element-93cea7d e-flex e-con-boxed e-con e-child\" data-id=\"93cea7d\" data-element_type=\"container\" data-e-type=\"container\">\n\t\t\t\t\t<div class=\"e-con-inner\">\n\t\t\t\t<div class=\"elementor-element elementor-element-2acff05 elementor-widget elementor-widget-heading\" data-id=\"2acff05\" data-element_type=\"widget\" data-e-type=\"widget\" data-widget_type=\"heading.default\">\n\t\t\t\t<div class=\"elementor-widget-container\">\n\t\t\t\t\t<h2 class=\"elementor-heading-title elementor-size-default\">GUIDE DE LA SENSORIALIT\u00c9<\/h2>\t\t\t\t<\/div>\n\t\t\t\t<\/div>\n\t\t\t\t<div class=\"elementor-element elementor-element-42633ff elementor-widget elementor-widget-shortcode\" data-id=\"42633ff\" data-element_type=\"widget\" data-e-type=\"widget\" data-widget_type=\"shortcode.default\">\n\t\t\t\t<div class=\"elementor-widget-container\">\n\t\t\t\t\t\t\t<div class=\"elementor-shortcode\"><div class=\"site-breadcrumbs clr\"><span class=\"last\">Accueil<\/span><\/div><\/div>\n\t\t\t\t\t\t<\/div>\n\t\t\t\t<\/div>\n\t\t\t\t\t<\/div>\n\t\t\t\t<\/div>\n\t\t\t\t<\/div>\n\t\t<div class=\"elementor-element elementor-element-6bf9780 e-flex e-con-boxed e-con e-parent\" data-id=\"6bf9780\" data-element_type=\"container\" data-e-type=\"container\">\n\t\t\t\t\t<div class=\"e-con-inner\">\n\t\t<div class=\"elementor-element elementor-element-97217d7 e-con-full e-flex elementor-invisible e-con e-child\" data-id=\"97217d7\" data-element_type=\"container\" data-e-type=\"container\" data-settings=\"{&quot;animation&quot;:&quot;fadeIn&quot;}\">\n\t\t\t\t<div class=\"elementor-element elementor-element-0d8a31b elementor-widget elementor-widget-heading\" data-id=\"0d8a31b\" data-element_type=\"widget\" data-e-type=\"widget\" data-widget_type=\"heading.default\">\n\t\t\t\t<div class=\"elementor-widget-container\">\n\t\t\t\t\t<h2 class=\"elementor-heading-title elementor-size-default\">6. Que disent les recommandations de bonnes pratiques de l'HAS\/ANESM (2012) ?<\/h2>\t\t\t\t<\/div>\n\t\t\t\t<\/div>\n\t\t\t\t<div class=\"elementor-element elementor-element-f90fd6c elementor-widget elementor-widget-text-editor\" data-id=\"f90fd6c\" data-element_type=\"widget\" data-e-type=\"widget\" data-widget_type=\"text-editor.default\">\n\t\t\t\t<div class=\"elementor-widget-container\">\n\t\t\t\t\t\t\t\t\t<p>Dans les recommandations sur les interventions \u00e9ducatives et th\u00e9rapeutiques coordonn\u00e9es chez l&rsquo;enfant et l&rsquo;adolescent, il est dit que <strong>\u00ab<\/strong> Les pratiques dites \u00ab d\u2019int\u00e9gration sensorielle \u00bb, tr\u00e8s diverses, n\u2019ont pas fait preuve de leur efficacit\u00e9 au vu des donn\u00e9es publi\u00e9es ; cependant, pour certains enfants\/adolescents avec TED dont les \u00e9valuations du fonctionnement montrent des particularit\u00e9s sensorielles ou motrices, les pratiques ci-dessous peuvent apporter des b\u00e9n\u00e9fices en termes d\u2019attention, de r\u00e9duction du stress ou de comportements inadapt\u00e9s aux stimulations sensorielles (accord d\u2019experts). [\u2026]<\/p><p>La psychomotricit\u00e9 et l&rsquo;ergoth\u00e9rapie peuvent \u00eatre propos\u00e9es, parfois de fa\u00e7on combin\u00e9e, pour [\u2026] proposer des am\u00e9nagements de l&rsquo;environnement permettant d\u2019\u00e9viter les sur-stimulations ou au contraire favoriser des stimulations suffisantes, par exemple au niveau du bruit, de la lumi\u00e8re, ou au niveau tactile (perspectives ergonomiques) (accord d\u2019experts).<\/p><p>Dans les cas o\u00f9 une hypersensibilit\u00e9 importante existe, un travail d&rsquo;att\u00e9nuation ou de modulation de cette sensorialit\u00e9 exacerb\u00e9e peut \u00eatre propos\u00e9, ainsi qu\u2019un am\u00e9nagement de l\u2019environnement pour agir sur les stimulations sensorielles g\u00eanantes (lumi\u00e8re, bruit, etc.).<\/p><p>Dans les cas o\u00f9 une hyperacousie est mise en \u00e9vidence et entra\u00eene une souffrance chez l\u2019enfant\/adolescent, des filtres auditifs peuvent \u00eatre propos\u00e9s pour limiter les effets n\u00e9gatifs de l\u2019hyperacousie sur la concentration de l\u2019enfant\/adolescent.<\/p><p>Les pratiques dites \u00ab d\u2019int\u00e9gration auditive \u00bb, dont la m\u00e9thode Tomatis, ont fait preuve de leur absence d\u2019effets ; elles ne sont pas recommand\u00e9es pour les enfants\/adolescents avec TED (grade B). \u00bb<\/p><p>Pour aller plus loin :\u00a0 <a href=\"https:\/\/www.has-sante.fr\/jcms\/c_953959\/fr\/autisme-et-autres-troubles-envahissants-du-developpement-interventions-educatives-et-therapeutiques-coordonnees-chez-l-enfant-et-l-adolescent\" target=\"_blank\" rel=\"noopener\"><span style=\"color: #ff6600;\"><strong>Les Recommandations de bonnes pratiques HAS\/ANESM (2012)<\/strong><\/span><\/a><\/p>\t\t\t\t\t\t\t\t<\/div>\n\t\t\t\t<\/div>\n\t\t\t\t<div class=\"elementor-element elementor-element-b604168 elementor-widget elementor-widget-heading\" data-id=\"b604168\" data-element_type=\"widget\" data-e-type=\"widget\" data-widget_type=\"heading.default\">\n\t\t\t\t<div class=\"elementor-widget-container\">\n\t\t\t\t\t<h2 class=\"elementor-heading-title elementor-size-default\">Que disent les recommandations de bonnes pratiques de l'HAS\/ANESM (2018) ?<\/h2>\t\t\t\t<\/div>\n\t\t\t\t<\/div>\n\t\t\t\t<div class=\"elementor-element elementor-element-fe52c36 elementor-widget elementor-widget-text-editor\" data-id=\"fe52c36\" data-element_type=\"widget\" data-e-type=\"widget\" data-widget_type=\"text-editor.default\">\n\t\t\t\t<div class=\"elementor-widget-container\">\n\t\t\t\t\t\t\t\t\t<p>Dans les Recommandations sur les signes d&rsquo;alerte, rep\u00e9rage, diagnostic et \u00e9valuation chez l&rsquo;enfant et l&rsquo;adolescent, parues en f\u00e9vrier 2018, il est recommand\u00e9 de r\u00e9aliser une \u00e9valuation du fonctionnement global de l&rsquo;enfant comportant notamment \u00abl&rsquo;examen des processus d\u2019int\u00e9gration sensorielle.\u00bb<\/p><p>Dans les Recommandations sur les interventions et parcours de vie de l&rsquo;adulte parues en f\u00e9vrier 2018, il est recommand\u00e9 de \u00ab proposer \u00e0 l\u2019adulte autiste, tout au long de son parcours, une \u00e9valuation sp\u00e9cifique des profils sensoriel et moteur par un ergoth\u00e9rapeute ou un psychomotricien, lorsque des besoins ont \u00e9t\u00e9 identifi\u00e9s par l\u2019adulte lui-m\u00eame ou sont observ\u00e9s ou rep\u00e9r\u00e9s par les professionnels qui l\u2019accompagnent, notamment avec des outils d\u2019\u00e9valuation g\u00e9n\u00e9riques.[&#8230;]<\/p><p>Reconna\u00eetre la sensorialit\u00e9 et la motricit\u00e9 comme des comp\u00e9tences et les utiliser dans la mesure du possible comme des m\u00e9diateurs de relation.<br \/>Prendre en compte les particularit\u00e9s sensorielles de l\u2019adulte autiste (sensibilit\u00e9 \u00e0 la temp\u00e9rature, au toucher, etc.), les risques de surcharge sensorielle et les possibilit\u00e9s de variations sensorielles pour une m\u00eame personne afin de pouvoir mettre en place les am\u00e9nagements n\u00e9cessaires. \u00bb<\/p><p>Pour aller loin :\u00a0<\/p><ul><li><strong><a href=\"https:\/\/www.has-sante.fr\/jcms\/c_468812\/fr\/trouble-du-spectre-de-l-autisme-signes-d-alerte-reperage-diagnostic-et-evaluation-chez-l-enfant-et-l-adolescent\" target=\"_blank\" rel=\"noopener\"><span style=\"color: #ff6600;\">Les Recommandations de bonnes pratiques signes d&rsquo;alerte, rep\u00e9rage, diagnostic et \u00e9valuation chez l&rsquo;enfant et l&rsquo;adolescent HAS (2018)<\/span><\/a><\/strong><\/li><li><a href=\"https:\/\/www.has-sante.fr\/jcms\/c_2006477\/fr\/trouble-du-spectre-de-l-autisme-interventions-et-parcours-de-vie-de-l-adulte\" target=\"_blank\" rel=\"noopener\"><strong><span style=\"color: #ff6600;\">Les Recommandations de bonnes pratiques interventions et parcours de vie de l&rsquo;adulte HAS\/ANESM (2018)<\/span><\/strong><\/a><\/li><\/ul>\t\t\t\t\t\t\t\t<\/div>\n\t\t\t\t<\/div>\n\t\t\t\t<\/div>\n\t\t\t\t\t<\/div>\n\t\t\t\t<\/div>\n\t\t<div class=\"elementor-element elementor-element-4c6c933 e-flex e-con-boxed e-con e-parent\" data-id=\"4c6c933\" data-element_type=\"container\" data-e-type=\"container\">\n\t\t\t\t\t<div class=\"e-con-inner\">\n\t\t<div class=\"elementor-element elementor-element-86b07c4 e-con-full e-flex e-con e-child\" data-id=\"86b07c4\" data-element_type=\"container\" data-e-type=\"container\">\n\t\t<div class=\"elementor-element elementor-element-1ab4c7a e-con-full e-flex e-con e-child\" data-id=\"1ab4c7a\" data-element_type=\"container\" data-e-type=\"container\">\n\t\t\t\t<div class=\"elementor-element elementor-element-9fea9a0 elementor-widget elementor-widget-heading\" data-id=\"9fea9a0\" data-element_type=\"widget\" data-e-type=\"widget\" data-widget_type=\"heading.default\">\n\t\t\t\t<div class=\"elementor-widget-container\">\n\t\t\t\t\t<h2 class=\"elementor-heading-title elementor-size-default\"><a href=\"https:\/\/www.cra-centre.org\/sensorialitev2\/guide-et-concretement-quel-materiel\/\">&lt; PRECEDENT<\/a><\/h2>\t\t\t\t<\/div>\n\t\t\t\t<\/div>\n\t\t\t\t<div class=\"elementor-element elementor-element-774525e elementor-align-justify elementor-widget elementor-widget-button\" data-id=\"774525e\" data-element_type=\"widget\" data-e-type=\"widget\" data-widget_type=\"button.default\">\n\t\t\t\t<div class=\"elementor-widget-container\">\n\t\t\t\t\t\t\t\t\t<div class=\"elementor-button-wrapper\">\n\t\t\t\t\t<a class=\"elementor-button elementor-button-link elementor-size-sm\" href=\"https:\/\/www.cra-centre.org\/sensorialitev2\/guide-et-concretement-quel-materiel\/\">\n\t\t\t\t\t\t<span class=\"elementor-button-content-wrapper\">\n\t\t\t\t\t\t\t\t\t<span class=\"elementor-button-text\">5. Et concr\u00e8tement, quel mat\u00e9riel ?<\/span>\n\t\t\t\t\t<\/span>\n\t\t\t\t\t<\/a>\n\t\t\t\t<\/div>\n\t\t\t\t\t\t\t\t<\/div>\n\t\t\t\t<\/div>\n\t\t\t\t<\/div>\n\t\t\t\t<\/div>\n\t\t\t\t\t<\/div>\n\t\t\t\t<\/div>\n\t\t\t\t<\/div>\n\t\t","protected":false},"excerpt":{"rendered":"<p>GUIDE DE LA SENSORIALIT\u00c9 6. Que disent les recommandations de bonnes pratiques de l&rsquo;HAS\/ANESM (2012) ? Dans les recommandations sur les interventions \u00e9ducatives et th\u00e9rapeutiques coordonn\u00e9es chez l&rsquo;enfant et l&rsquo;adolescent, il est dit que \u00ab Les pratiques dites \u00ab d\u2019int\u00e9gration sensorielle \u00bb, tr\u00e8s diverses, n\u2019ont pas fait preuve de leur efficacit\u00e9 au vu des donn\u00e9es [&hellip;]<\/p>\n","protected":false},"author":1,"featured_media":0,"parent":0,"menu_order":0,"comment_status":"closed","ping_status":"closed","template":"elementor_header_footer","meta":{"_acf_changed":false,"footnotes":""},"class_list":["post-2322","page","type-page","status-publish","hentry","entry"],"acf":[],"_links":{"self":[{"href":"https:\/\/www.cra-centre.org\/sensorialitev2\/wp-json\/wp\/v2\/pages\/2322","targetHints":{"allow":["GET"]}}],"collection":[{"href":"https:\/\/www.cra-centre.org\/sensorialitev2\/wp-json\/wp\/v2\/pages"}],"about":[{"href":"https:\/\/www.cra-centre.org\/sensorialitev2\/wp-json\/wp\/v2\/types\/page"}],"author":[{"embeddable":true,"href":"https:\/\/www.cra-centre.org\/sensorialitev2\/wp-json\/wp\/v2\/users\/1"}],"replies":[{"embeddable":true,"href":"https:\/\/www.cra-centre.org\/sensorialitev2\/wp-json\/wp\/v2\/comments?post=2322"}],"version-history":[{"count":26,"href":"https:\/\/www.cra-centre.org\/sensorialitev2\/wp-json\/wp\/v2\/pages\/2322\/revisions"}],"predecessor-version":[{"id":2599,"href":"https:\/\/www.cra-centre.org\/sensorialitev2\/wp-json\/wp\/v2\/pages\/2322\/revisions\/2599"}],"wp:attachment":[{"href":"https:\/\/www.cra-centre.org\/sensorialitev2\/wp-json\/wp\/v2\/media?parent=2322"}],"curies":[{"name":"wp","href":"https:\/\/api.w.org\/{rel}","templated":true}]}}