{"id":2320,"date":"2024-09-12T14:16:05","date_gmt":"2024-09-12T12:16:05","guid":{"rendered":"https:\/\/www.cra-centre.org\/sensorialitev2\/?page_id=2320"},"modified":"2024-09-30T09:18:55","modified_gmt":"2024-09-30T07:18:55","slug":"guide-et-concretement-quel-materiel","status":"publish","type":"page","link":"https:\/\/www.cra-centre.org\/sensorialitev2\/guide-et-concretement-quel-materiel\/","title":{"rendered":"GUIDE-Et concr\u00e8tement, quel mat\u00e9riel ?"},"content":{"rendered":"\t\t<div data-elementor-type=\"wp-page\" data-elementor-id=\"2320\" class=\"elementor elementor-2320\" data-elementor-post-type=\"page\">\n\t\t\t\t<div class=\"elementor-element elementor-element-196a663 e-con-full e-flex e-con e-parent\" data-id=\"196a663\" data-element_type=\"container\" data-e-type=\"container\" data-settings=\"{&quot;background_background&quot;:&quot;classic&quot;}\">\n\t\t<div class=\"elementor-element elementor-element-8aa8973 e-flex e-con-boxed e-con e-child\" data-id=\"8aa8973\" data-element_type=\"container\" data-e-type=\"container\">\n\t\t\t\t\t<div class=\"e-con-inner\">\n\t\t\t\t<div class=\"elementor-element elementor-element-da52f69 elementor-widget elementor-widget-heading\" data-id=\"da52f69\" data-element_type=\"widget\" data-e-type=\"widget\" data-widget_type=\"heading.default\">\n\t\t\t\t<div class=\"elementor-widget-container\">\n\t\t\t\t\t<h2 class=\"elementor-heading-title elementor-size-default\">GUIDE DE LA SENSORIALIT\u00c9<\/h2>\t\t\t\t<\/div>\n\t\t\t\t<\/div>\n\t\t\t\t<div class=\"elementor-element elementor-element-397266d elementor-widget elementor-widget-shortcode\" data-id=\"397266d\" data-element_type=\"widget\" data-e-type=\"widget\" data-widget_type=\"shortcode.default\">\n\t\t\t\t<div class=\"elementor-widget-container\">\n\t\t\t\t\t\t\t<div class=\"elementor-shortcode\"><div class=\"site-breadcrumbs clr\"><span class=\"last\">Accueil<\/span><\/div><\/div>\n\t\t\t\t\t\t<\/div>\n\t\t\t\t<\/div>\n\t\t\t\t\t<\/div>\n\t\t\t\t<\/div>\n\t\t\t\t<\/div>\n\t\t<div class=\"elementor-element elementor-element-13e6bbe e-flex e-con-boxed e-con e-parent\" data-id=\"13e6bbe\" data-element_type=\"container\" data-e-type=\"container\">\n\t\t\t\t\t<div class=\"e-con-inner\">\n\t\t<div class=\"elementor-element elementor-element-5479c3d e-con-full e-flex elementor-invisible e-con e-child\" data-id=\"5479c3d\" data-element_type=\"container\" data-e-type=\"container\" data-settings=\"{&quot;animation&quot;:&quot;fadeIn&quot;}\">\n\t\t\t\t<div class=\"elementor-element elementor-element-34386f9 elementor-widget elementor-widget-heading\" data-id=\"34386f9\" data-element_type=\"widget\" data-e-type=\"widget\" data-widget_type=\"heading.default\">\n\t\t\t\t<div class=\"elementor-widget-container\">\n\t\t\t\t\t<h2 class=\"elementor-heading-title elementor-size-default\">5. Et concr\u00e8tement, quel mat\u00e9riel ?<\/h2>\t\t\t\t<\/div>\n\t\t\t\t<\/div>\n\t\t\t\t<div class=\"elementor-element elementor-element-27623e8 elementor-widget elementor-widget-text-editor\" data-id=\"27623e8\" data-element_type=\"widget\" data-e-type=\"widget\" data-widget_type=\"text-editor.default\">\n\t\t\t\t<div class=\"elementor-widget-container\">\n\t\t\t\t\t\t\t\t\t<p>Dans un contexte bien formalis\u00e9 (dur\u00e9e, activit\u00e9, lieu) associ\u00e9 \u00e0 des\u00a0objectifs clairement identifi\u00e9s et r\u00e9 \u00e9valuables, l\u2019utilisation d\u2019un mat\u00e9riel sp\u00e9cifique peut \u00eatre indiqu\u00e9e.<\/p><p>Nous vous proposons quelques\u00a0fiches techniques\u00a0de mat\u00e9riels, non exhaustives, class\u00e9es en fonction des diff\u00e9rentes modalit\u00e9s sensorielles.<\/p>\t\t\t\t\t\t\t\t<\/div>\n\t\t\t\t<\/div>\n\t\t\t\t<div class=\"elementor-element elementor-element-2717746 elementor-widget elementor-widget-heading\" data-id=\"2717746\" data-element_type=\"widget\" data-e-type=\"widget\" data-widget_type=\"heading.default\">\n\t\t\t\t<div class=\"elementor-widget-container\">\n\t\t\t\t\t<h2 class=\"elementor-heading-title elementor-size-default\">D\u00e9couvrir et Tester<\/h2>\t\t\t\t<\/div>\n\t\t\t\t<\/div>\n\t\t\t\t<div class=\"elementor-element elementor-element-84ac9f0 elementor-widget elementor-widget-text-editor\" data-id=\"84ac9f0\" data-element_type=\"widget\" data-e-type=\"widget\" data-widget_type=\"text-editor.default\">\n\t\t\t\t<div class=\"elementor-widget-container\">\n\t\t\t\t\t\t\t\t\t<p>Vous pouvez retrouver certains outils sensoriels (dont les mat\u00e9riels test\u00e9s sur ce site) au Centre de documentation du C.R.A. Centre-Val de Loire afin d\u2019en faire vous-m\u00eame l\u2019exp\u00e9rience\u00a0!<\/p>\t\t\t\t\t\t\t\t<\/div>\n\t\t\t\t<\/div>\n\t\t\t\t<\/div>\n\t\t\t\t\t<\/div>\n\t\t\t\t<\/div>\n\t\t<div class=\"elementor-element elementor-element-e463794 e-flex e-con-boxed e-con e-parent\" data-id=\"e463794\" data-element_type=\"container\" data-e-type=\"container\">\n\t\t\t\t\t<div class=\"e-con-inner\">\n\t\t<div class=\"elementor-element elementor-element-e5be500 e-con-full e-flex e-con e-child\" data-id=\"e5be500\" data-element_type=\"container\" data-e-type=\"container\">\n\t\t<div class=\"elementor-element elementor-element-2690784 e-con-full e-flex e-con e-child\" data-id=\"2690784\" data-element_type=\"container\" data-e-type=\"container\">\n\t\t\t\t<div class=\"elementor-element elementor-element-03f6f5d elementor-align-justify elementor-widget elementor-widget-button\" data-id=\"03f6f5d\" data-element_type=\"widget\" data-e-type=\"widget\" data-widget_type=\"button.default\">\n\t\t\t\t<div class=\"elementor-widget-container\">\n\t\t\t\t\t\t\t\t\t<div class=\"elementor-button-wrapper\">\n\t\t\t\t\t<a class=\"elementor-button elementor-button-link elementor-size-sm\" href=\"https:\/\/www.cra-centre.org\/sensorialitev2\/guide-evaluer-les-troubles-sensoriels-pour-mieux-comprendre\/\">\n\t\t\t\t\t\t<span class=\"elementor-button-content-wrapper\">\n\t\t\t\t\t\t\t\t\t<span class=\"elementor-button-text\">4. Evaluer les troubles sensoriels pour mieux accompagner<\/span>\n\t\t\t\t\t<\/span>\n\t\t\t\t\t<\/a>\n\t\t\t\t<\/div>\n\t\t\t\t\t\t\t\t<\/div>\n\t\t\t\t<\/div>\n\t\t\t\t<\/div>\n\t\t<div class=\"elementor-element elementor-element-3104b1f e-con-full e-flex e-con e-child\" data-id=\"3104b1f\" data-element_type=\"container\" data-e-type=\"container\">\n\t\t\t\t<div class=\"elementor-element elementor-element-2643808 elementor-align-justify elementor-widget elementor-widget-button\" data-id=\"2643808\" data-element_type=\"widget\" data-e-type=\"widget\" data-widget_type=\"button.default\">\n\t\t\t\t<div class=\"elementor-widget-container\">\n\t\t\t\t\t\t\t\t\t<div class=\"elementor-button-wrapper\">\n\t\t\t\t\t<a class=\"elementor-button elementor-button-link elementor-size-sm\" href=\"https:\/\/www.cra-centre.org\/sensorialitev2\/guide-que-disent-les-recommandations-de-bonnes-pratiques-de-lhas-anesm-2012\/\">\n\t\t\t\t\t\t<span class=\"elementor-button-content-wrapper\">\n\t\t\t\t\t\t\t\t\t<span class=\"elementor-button-text\">6. Que disent les recommandations de bonnes pratiques de l'HAS\/ANESM (2012) ?<\/span>\n\t\t\t\t\t<\/span>\n\t\t\t\t\t<\/a>\n\t\t\t\t<\/div>\n\t\t\t\t\t\t\t\t<\/div>\n\t\t\t\t<\/div>\n\t\t\t\t<\/div>\n\t\t\t\t<\/div>\n\t\t\t\t\t<\/div>\n\t\t\t\t<\/div>\n\t\t\t\t<\/div>\n\t\t","protected":false},"excerpt":{"rendered":"<p>GUIDE DE LA SENSORIALIT\u00c9 5. Et concr\u00e8tement, quel mat\u00e9riel ? Dans un contexte bien formalis\u00e9 (dur\u00e9e, activit\u00e9, lieu) associ\u00e9 \u00e0 des\u00a0objectifs clairement identifi\u00e9s et r\u00e9 \u00e9valuables, l\u2019utilisation d\u2019un mat\u00e9riel sp\u00e9cifique peut \u00eatre indiqu\u00e9e. Nous vous proposons quelques\u00a0fiches techniques\u00a0de mat\u00e9riels, non exhaustives, class\u00e9es en fonction des diff\u00e9rentes modalit\u00e9s sensorielles. D\u00e9couvrir et Tester Vous pouvez retrouver certains [&hellip;]<\/p>\n","protected":false},"author":1,"featured_media":0,"parent":0,"menu_order":0,"comment_status":"closed","ping_status":"closed","template":"elementor_header_footer","meta":{"_acf_changed":false,"footnotes":""},"class_list":["post-2320","page","type-page","status-publish","hentry","entry"],"acf":[],"_links":{"self":[{"href":"https:\/\/www.cra-centre.org\/sensorialitev2\/wp-json\/wp\/v2\/pages\/2320","targetHints":{"allow":["GET"]}}],"collection":[{"href":"https:\/\/www.cra-centre.org\/sensorialitev2\/wp-json\/wp\/v2\/pages"}],"about":[{"href":"https:\/\/www.cra-centre.org\/sensorialitev2\/wp-json\/wp\/v2\/types\/page"}],"author":[{"embeddable":true,"href":"https:\/\/www.cra-centre.org\/sensorialitev2\/wp-json\/wp\/v2\/users\/1"}],"replies":[{"embeddable":true,"href":"https:\/\/www.cra-centre.org\/sensorialitev2\/wp-json\/wp\/v2\/comments?post=2320"}],"version-history":[{"count":31,"href":"https:\/\/www.cra-centre.org\/sensorialitev2\/wp-json\/wp\/v2\/pages\/2320\/revisions"}],"predecessor-version":[{"id":2596,"href":"https:\/\/www.cra-centre.org\/sensorialitev2\/wp-json\/wp\/v2\/pages\/2320\/revisions\/2596"}],"wp:attachment":[{"href":"https:\/\/www.cra-centre.org\/sensorialitev2\/wp-json\/wp\/v2\/media?parent=2320"}],"curies":[{"name":"wp","href":"https:\/\/api.w.org\/{rel}","templated":true}]}}