{"id":2314,"date":"2024-09-12T14:11:59","date_gmt":"2024-09-12T12:11:59","guid":{"rendered":"https:\/\/www.cra-centre.org\/sensorialitev2\/?page_id=2314"},"modified":"2026-02-18T16:11:52","modified_gmt":"2026-02-18T15:11:52","slug":"guide-les-3-grands-profils","status":"publish","type":"page","link":"https:\/\/www.cra-centre.org\/sensorialitev2\/guide-les-3-grands-profils\/","title":{"rendered":"GUIDE-Les 3 grands profils"},"content":{"rendered":"\t\t<div data-elementor-type=\"wp-page\" data-elementor-id=\"2314\" class=\"elementor elementor-2314\" data-elementor-post-type=\"page\">\n\t\t\t\t<div class=\"elementor-element elementor-element-90b1eba e-con-full e-flex e-con e-parent\" data-id=\"90b1eba\" data-element_type=\"container\" data-e-type=\"container\" data-settings=\"{&quot;background_background&quot;:&quot;classic&quot;}\">\n\t\t<div class=\"elementor-element elementor-element-6c8cb1e e-flex e-con-boxed e-con e-child\" data-id=\"6c8cb1e\" data-element_type=\"container\" data-e-type=\"container\">\n\t\t\t\t\t<div class=\"e-con-inner\">\n\t\t\t\t<div class=\"elementor-element elementor-element-0667b3f elementor-widget elementor-widget-heading\" data-id=\"0667b3f\" data-element_type=\"widget\" data-e-type=\"widget\" data-widget_type=\"heading.default\">\n\t\t\t\t<div class=\"elementor-widget-container\">\n\t\t\t\t\t<h2 class=\"elementor-heading-title elementor-size-default\">GUIDE DE LA SENSORIALIT\u00c9<\/h2>\t\t\t\t<\/div>\n\t\t\t\t<\/div>\n\t\t\t\t<div class=\"elementor-element elementor-element-cf96f34 elementor-widget elementor-widget-shortcode\" data-id=\"cf96f34\" data-element_type=\"widget\" data-e-type=\"widget\" data-widget_type=\"shortcode.default\">\n\t\t\t\t<div class=\"elementor-widget-container\">\n\t\t\t\t\t\t\t<div class=\"elementor-shortcode\"><div class=\"site-breadcrumbs clr\"><span class=\"last\">Accueil<\/span><\/div><\/div>\n\t\t\t\t\t\t<\/div>\n\t\t\t\t<\/div>\n\t\t\t\t\t<\/div>\n\t\t\t\t<\/div>\n\t\t\t\t<\/div>\n\t\t<div class=\"elementor-element elementor-element-abd0b4c e-flex e-con-boxed e-con e-parent\" data-id=\"abd0b4c\" data-element_type=\"container\" data-e-type=\"container\">\n\t\t\t\t\t<div class=\"e-con-inner\">\n\t\t<div class=\"elementor-element elementor-element-fe99a68 e-con-full e-flex elementor-invisible e-con e-child\" data-id=\"fe99a68\" data-element_type=\"container\" data-e-type=\"container\" data-settings=\"{&quot;animation&quot;:&quot;fadeIn&quot;}\">\n\t\t\t\t<div class=\"elementor-element elementor-element-f42a2ec elementor-widget elementor-widget-heading\" data-id=\"f42a2ec\" data-element_type=\"widget\" data-e-type=\"widget\" data-widget_type=\"heading.default\">\n\t\t\t\t<div class=\"elementor-widget-container\">\n\t\t\t\t\t<h2 class=\"elementor-heading-title elementor-size-default\">2. Les 3 grands profils comportementaux sont d\u00e9crits<\/h2>\t\t\t\t<\/div>\n\t\t\t\t<\/div>\n\t\t<div class=\"elementor-element elementor-element-987a9b2 e-con-full e-flex e-con e-child\" data-id=\"987a9b2\" data-element_type=\"container\" data-e-type=\"container\" data-settings=\"{&quot;background_background&quot;:&quot;classic&quot;}\">\n\t\t<div class=\"elementor-element elementor-element-db66ef6 e-con-full e-flex e-con e-child\" data-id=\"db66ef6\" data-element_type=\"container\" data-e-type=\"container\" data-settings=\"{&quot;background_background&quot;:&quot;classic&quot;}\">\n\t\t<div class=\"elementor-element elementor-element-68df0e5 e-con-full e-flex e-con e-child\" data-id=\"68df0e5\" data-element_type=\"container\" data-e-type=\"container\">\n\t\t\t\t<div class=\"elementor-element elementor-element-5a3391d elementor-widget elementor-widget-heading\" data-id=\"5a3391d\" data-element_type=\"widget\" data-e-type=\"widget\" data-widget_type=\"heading.default\">\n\t\t\t\t<div class=\"elementor-widget-container\">\n\t\t\t\t\t<h2 class=\"elementor-heading-title elementor-size-default\">1. Hyper-sensibilit\u00e9<\/h2>\t\t\t\t<\/div>\n\t\t\t\t<\/div>\n\t\t\t\t<div class=\"elementor-element elementor-element-92127f4 elementor-widget elementor-widget-image\" data-id=\"92127f4\" data-element_type=\"widget\" data-e-type=\"widget\" data-widget_type=\"image.default\">\n\t\t\t\t<div class=\"elementor-widget-container\">\n\t\t\t\t\t\t\t\t\t\t\t\t\t\t\t<img fetchpriority=\"high\" decoding=\"async\" width=\"845\" height=\"594\" src=\"https:\/\/www.cra-centre.org\/sensorialitev2\/wp-content\/uploads\/2024\/07\/hyper_sens.png\" class=\"attachment-large size-large wp-image-1554\" alt=\"\" srcset=\"https:\/\/www.cra-centre.org\/sensorialitev2\/wp-content\/uploads\/2024\/07\/hyper_sens.png 845w, https:\/\/www.cra-centre.org\/sensorialitev2\/wp-content\/uploads\/2024\/07\/hyper_sens-300x211.png 300w, https:\/\/www.cra-centre.org\/sensorialitev2\/wp-content\/uploads\/2024\/07\/hyper_sens-768x540.png 768w\" sizes=\"(max-width: 845px) 100vw, 845px\" \/>\t\t\t\t\t\t\t\t\t\t\t\t\t\t\t<\/div>\n\t\t\t\t<\/div>\n\t\t\t\t<div class=\"elementor-element elementor-element-febd7c6 elementor-widget elementor-widget-text-editor\" data-id=\"febd7c6\" data-element_type=\"widget\" data-e-type=\"widget\" data-widget_type=\"text-editor.default\">\n\t\t\t\t<div class=\"elementor-widget-container\">\n\t\t\t\t\t\t\t\t\t<p>R\u00e9ponse exag\u00e9r\u00e9e \u00e0 une stimulation sensorielle du fait d\u2019un seuil de perception bas. De fa\u00e7on un peu caricaturale, la personne a besoin que la stimulation soit plus faible pour apporter une r\u00e9ponse adapt\u00e9e.<\/p>\t\t\t\t\t\t\t\t<\/div>\n\t\t\t\t<\/div>\n\t\t\t\t<\/div>\n\t\t\t\t<\/div>\n\t\t<div class=\"elementor-element elementor-element-2120849 e-con-full e-flex e-con e-child\" data-id=\"2120849\" data-element_type=\"container\" data-e-type=\"container\" data-settings=\"{&quot;background_background&quot;:&quot;classic&quot;}\">\n\t\t<div class=\"elementor-element elementor-element-90e78c9 e-con-full e-flex e-con e-child\" data-id=\"90e78c9\" data-element_type=\"container\" data-e-type=\"container\">\n\t\t\t\t<div class=\"elementor-element elementor-element-6e907bb elementor-widget elementor-widget-heading\" data-id=\"6e907bb\" data-element_type=\"widget\" data-e-type=\"widget\" data-widget_type=\"heading.default\">\n\t\t\t\t<div class=\"elementor-widget-container\">\n\t\t\t\t\t<h2 class=\"elementor-heading-title elementor-size-default\">2. Hypo-sensibilit\u00e9<\/h2>\t\t\t\t<\/div>\n\t\t\t\t<\/div>\n\t\t\t\t<div class=\"elementor-element elementor-element-2b8d77a elementor-widget elementor-widget-image\" data-id=\"2b8d77a\" data-element_type=\"widget\" data-e-type=\"widget\" data-widget_type=\"image.default\">\n\t\t\t\t<div class=\"elementor-widget-container\">\n\t\t\t\t\t\t\t\t\t\t\t\t\t\t\t<img decoding=\"async\" width=\"845\" height=\"594\" src=\"https:\/\/www.cra-centre.org\/sensorialitev2\/wp-content\/uploads\/2024\/07\/hypo_sens.png\" class=\"attachment-large size-large wp-image-1562\" alt=\"\" srcset=\"https:\/\/www.cra-centre.org\/sensorialitev2\/wp-content\/uploads\/2024\/07\/hypo_sens.png 845w, https:\/\/www.cra-centre.org\/sensorialitev2\/wp-content\/uploads\/2024\/07\/hypo_sens-300x211.png 300w, https:\/\/www.cra-centre.org\/sensorialitev2\/wp-content\/uploads\/2024\/07\/hypo_sens-768x540.png 768w\" sizes=\"(max-width: 845px) 100vw, 845px\" \/>\t\t\t\t\t\t\t\t\t\t\t\t\t\t\t<\/div>\n\t\t\t\t<\/div>\n\t\t\t\t<div class=\"elementor-element elementor-element-394fb0f elementor-widget elementor-widget-text-editor\" data-id=\"394fb0f\" data-element_type=\"widget\" data-e-type=\"widget\" data-widget_type=\"text-editor.default\">\n\t\t\t\t<div class=\"elementor-widget-container\">\n\t\t\t\t\t\t\t\t\t<p>Absence de r\u00e9ponse ou r\u00e9ponse tr\u00e8s t\u00e9nue \u00e0 une stimulation sensorielle du fait d\u2019un seuil de perception \u00e9lev\u00e9. La personne aurait besoin que la stimulation soit plus \u00e9lev\u00e9e, plus franche pour apporter une r\u00e9ponse adapt\u00e9e.<\/p>\t\t\t\t\t\t\t\t<\/div>\n\t\t\t\t<\/div>\n\t\t\t\t<\/div>\n\t\t\t\t<\/div>\n\t\t<div class=\"elementor-element elementor-element-6ede16f e-con-full e-flex e-con e-child\" data-id=\"6ede16f\" data-element_type=\"container\" data-e-type=\"container\" data-settings=\"{&quot;background_background&quot;:&quot;classic&quot;}\">\n\t\t<div class=\"elementor-element elementor-element-fab37d5 e-con-full e-flex e-con e-child\" data-id=\"fab37d5\" data-element_type=\"container\" data-e-type=\"container\">\n\t\t\t\t<div class=\"elementor-element elementor-element-fa18ccd elementor-widget elementor-widget-heading\" data-id=\"fa18ccd\" data-element_type=\"widget\" data-e-type=\"widget\" data-widget_type=\"heading.default\">\n\t\t\t\t<div class=\"elementor-widget-container\">\n\t\t\t\t\t<h2 class=\"elementor-heading-title elementor-size-default\">3. Recherche de sensation<\/h2>\t\t\t\t<\/div>\n\t\t\t\t<\/div>\n\t\t\t\t<div class=\"elementor-element elementor-element-7a034ef elementor-widget elementor-widget-image\" data-id=\"7a034ef\" data-element_type=\"widget\" data-e-type=\"widget\" data-widget_type=\"image.default\">\n\t\t\t\t<div class=\"elementor-widget-container\">\n\t\t\t\t\t\t\t\t\t\t\t\t\t\t\t<img decoding=\"async\" width=\"198\" height=\"198\" src=\"https:\/\/www.cra-centre.org\/sensorialitev2\/wp-content\/uploads\/2024\/05\/VESTIBULAIRE-1.png\" class=\"attachment-large size-large wp-image-1104\" alt=\"\" srcset=\"https:\/\/www.cra-centre.org\/sensorialitev2\/wp-content\/uploads\/2024\/05\/VESTIBULAIRE-1.png 198w, https:\/\/www.cra-centre.org\/sensorialitev2\/wp-content\/uploads\/2024\/05\/VESTIBULAIRE-1-150x150.png 150w\" sizes=\"(max-width: 198px) 100vw, 198px\" \/>\t\t\t\t\t\t\t\t\t\t\t\t\t\t\t<\/div>\n\t\t\t\t<\/div>\n\t\t\t\t<div class=\"elementor-element elementor-element-1e5b373 elementor-widget elementor-widget-text-editor\" data-id=\"1e5b373\" data-element_type=\"widget\" data-e-type=\"widget\" data-widget_type=\"text-editor.default\">\n\t\t\t\t<div class=\"elementor-widget-container\">\n\t\t\t\t\t\t\t\t\t<p>Int\u00e9r\u00eat marqu\u00e9, envahissant pour certaines exp\u00e9riences sensorielles.<\/p>\t\t\t\t\t\t\t\t<\/div>\n\t\t\t\t<\/div>\n\t\t\t\t<\/div>\n\t\t\t\t<\/div>\n\t\t\t\t<\/div>\n\t\t\t\t<div class=\"elementor-element elementor-element-a5b95f8 elementor-widget elementor-widget-heading\" data-id=\"a5b95f8\" data-element_type=\"widget\" data-e-type=\"widget\" data-widget_type=\"heading.default\">\n\t\t\t\t<div class=\"elementor-widget-container\">\n\t\t\t\t\t<h2 class=\"elementor-heading-title elementor-size-default\">Vivez une exp\u00e9rience d'hyper sensibilit\u00e9 gr\u00e2ce au  film ci-dessous<\/h2>\t\t\t\t<\/div>\n\t\t\t\t<\/div>\n\t\t\t\t<div class=\"elementor-element elementor-element-a55ce63 elementor-widget elementor-widget-heading\" data-id=\"a55ce63\" data-element_type=\"widget\" data-e-type=\"widget\" data-widget_type=\"heading.default\">\n\t\t\t\t<div class=\"elementor-widget-container\">\n\t\t\t\t\t<p class=\"elementor-heading-title elementor-size-default\">(Sensory Overload (c) 2012 - Autism Project - Miguel Jiron\/Scott Mahoy)<\/p>\t\t\t\t<\/div>\n\t\t\t\t<\/div>\n\t\t\t\t<div class=\"elementor-element elementor-element-aad51b5 elementor-widget elementor-widget-video\" data-id=\"aad51b5\" data-element_type=\"widget\" data-e-type=\"widget\" data-settings=\"{&quot;youtube_url&quot;:&quot;https:\\\/\\\/www.youtube.com\\\/watch?v=K2P4Ed6G3gw&quot;,&quot;video_type&quot;:&quot;youtube&quot;,&quot;controls&quot;:&quot;yes&quot;}\" data-widget_type=\"video.default\">\n\t\t\t\t<div class=\"elementor-widget-container\">\n\t\t\t\t\t\t\t<div class=\"elementor-wrapper elementor-open-inline\">\n\t\t\t<div class=\"elementor-video\"><\/div>\t\t<\/div>\n\t\t\t\t\t\t<\/div>\n\t\t\t\t<\/div>\n\t\t\t\t<div class=\"elementor-element elementor-element-e67689d elementor-widget elementor-widget-text-editor\" data-id=\"e67689d\" data-element_type=\"widget\" data-e-type=\"widget\" data-widget_type=\"text-editor.default\">\n\t\t\t\t<div class=\"elementor-widget-container\">\n\t\t\t\t\t\t\t\t\t<p>Chez certaines personnes, l\u2019hyper sensibilit\u00e9 peut devenir une hyper comp\u00e9tence, voir un talent<\/p><ul><li><span style=\"color: #34b0b3;\"><strong>oreille absolue<\/strong><\/span> (aptitude \u00e0 reconna\u00eetre et \u00e0 d\u00e9terminer \u00e0 l&rsquo;\u00e9coute d&rsquo;un son musical la ou les notes de musique correspondantes sans r\u00e9f\u00e9rence auditive pr\u00e9alable)<\/li><li><span style=\"color: #34b0b3;\"><strong>nez<\/strong><\/span> (capacit\u00e9 \u00e0 discriminer et \u00e0 m\u00e9moriser un grand nombre d\u2019odeurs)<\/li><li><span style=\"color: #34b0b3;\"><strong>grande m\u00e9moire des d\u00e9tails visuels<\/strong><\/span> (voir l&rsquo;exemple de Stephen Wiltshire dans le film ci-dessous, produit pour la campagne \u00ab\u00a0We will not rest\u00a0\u00bb de la soci\u00e9t\u00e9 UBS en 2011)<\/li><\/ul>\t\t\t\t\t\t\t\t<\/div>\n\t\t\t\t<\/div>\n\t\t\t\t<div class=\"elementor-element elementor-element-af810fc elementor-widget elementor-widget-video\" data-id=\"af810fc\" data-element_type=\"widget\" data-e-type=\"widget\" data-settings=\"{&quot;youtube_url&quot;:&quot;https:\\\/\\\/youtu.be\\\/bsJbApZ5GF0&quot;,&quot;video_type&quot;:&quot;youtube&quot;,&quot;controls&quot;:&quot;yes&quot;}\" data-widget_type=\"video.default\">\n\t\t\t\t<div class=\"elementor-widget-container\">\n\t\t\t\t\t\t\t<div class=\"elementor-wrapper elementor-open-inline\">\n\t\t\t<div class=\"elementor-video\"><\/div>\t\t<\/div>\n\t\t\t\t\t\t<\/div>\n\t\t\t\t<\/div>\n\t\t\t\t<div class=\"elementor-element elementor-element-589b3a2 elementor-widget elementor-widget-text-editor\" data-id=\"589b3a2\" data-element_type=\"widget\" data-e-type=\"widget\" data-widget_type=\"text-editor.default\">\n\t\t\t\t<div class=\"elementor-widget-container\">\n\t\t\t\t\t\t\t\t\t<p>Bien que la description sch\u00e9matique de ces 3 profils aide \u00e0 mieux appr\u00e9hender le fonctionnement sensoriel de la personne avec autisme, il ne peut pas expliquer \u00e0 lui seul toutes les particularit\u00e9s sensorielles d\u00e9crites par les \u00e9tudes scientifiques et par les t\u00e9moignages des personnes avec Autisme. Nous citerons par exemple les difficult\u00e9s \u00e0 interpr\u00e9ter les informations sensorielles rapides (parler, bouger vite), et \u00e0 coordonner les diff\u00e9rentes modalit\u00e9s sensorielles (ne pas pouvoir entendre et regarder en m\u00eame temps, etc.).<br \/>Ces recherches et t\u00e9moignages actuels et \u00e0 venir, vont certainement continuer \u00e0 \u00e9clairer notre compr\u00e9hension afin d\u2019apporter des r\u00e9ponses toujours plus justes.<\/p>\t\t\t\t\t\t\t\t<\/div>\n\t\t\t\t<\/div>\n\t\t\t\t<div class=\"elementor-element elementor-element-7e28951 elementor-widget elementor-widget-heading\" data-id=\"7e28951\" data-element_type=\"widget\" data-e-type=\"widget\" data-widget_type=\"heading.default\">\n\t\t\t\t<div class=\"elementor-widget-container\">\n\t\t\t\t\t<h2 class=\"elementor-heading-title elementor-size-default\">Le t\u00e9moignage de Temple Grandin aux Journ\u00e9es Nationales des CRA en 2014 \u00e0 Tours en est une illustration <\/h2>\t\t\t\t<\/div>\n\t\t\t\t<\/div>\n\t\t\t\t<div class=\"elementor-element elementor-element-54a770e elementor-widget elementor-widget-video\" data-id=\"54a770e\" data-element_type=\"widget\" data-e-type=\"widget\" data-settings=\"{&quot;video_type&quot;:&quot;hosted&quot;,&quot;controls&quot;:&quot;yes&quot;}\" data-widget_type=\"video.default\">\n\t\t\t\t<div class=\"elementor-widget-container\">\n\t\t\t\t\t\t\t<div class=\"e-hosted-video elementor-wrapper elementor-open-inline\">\n\t\t\t\t\t<video class=\"elementor-video\" src=\"https:\/\/www.cra-centre.org\/sensorialitev2\/wp-content\/uploads\/2026\/02\/TGrandin2014-Extraits.mp4\" controls=\"\" preload=\"metadata\" controlsList=\"nodownload\"><\/video>\n\t\t\t\t<\/div>\n\t\t\t\t\t\t<\/div>\n\t\t\t\t<\/div>\n\t\t\t\t<div class=\"elementor-element elementor-element-f113729 elementor-widget elementor-widget-text-editor\" data-id=\"f113729\" data-element_type=\"widget\" data-e-type=\"widget\" data-widget_type=\"text-editor.default\">\n\t\t\t\t<div class=\"elementor-widget-container\">\n\t\t\t\t\t\t\t\t\t<p>Le trouble du traitement sensoriel touche quasiment toutes les personnes avec Autisme mais est tr\u00e8s variable d\u2019une personne \u00e0 l\u2019autre (en intensit\u00e9, en fr\u00e9quence, en nombre de modalit\u00e9s touch\u00e9es). Il peut changer au cours d\u2019une m\u00eame journ\u00e9e (en fonction de l\u2019\u00e9tat de fatigue, de la p\u00e9riode de digestion\u2026) et se transforme au cours du neurod\u00e9veloppement.<\/p>\t\t\t\t\t\t\t\t<\/div>\n\t\t\t\t<\/div>\n\t\t\t\t<\/div>\n\t\t\t\t\t<\/div>\n\t\t\t\t<\/div>\n\t\t<div class=\"elementor-element elementor-element-d2fbdaa e-flex e-con-boxed e-con e-parent\" data-id=\"d2fbdaa\" data-element_type=\"container\" data-e-type=\"container\">\n\t\t\t\t\t<div class=\"e-con-inner\">\n\t\t<div class=\"elementor-element elementor-element-cdedfb2 e-con-full e-flex e-con e-child\" data-id=\"cdedfb2\" data-element_type=\"container\" data-e-type=\"container\">\n\t\t<div class=\"elementor-element elementor-element-9f657f0 e-con-full e-flex e-con e-child\" data-id=\"9f657f0\" data-element_type=\"container\" data-e-type=\"container\">\n\t\t\t\t<div class=\"elementor-element elementor-element-e2f4bbd elementor-align-justify elementor-widget elementor-widget-button\" data-id=\"e2f4bbd\" data-element_type=\"widget\" data-e-type=\"widget\" data-widget_type=\"button.default\">\n\t\t\t\t<div class=\"elementor-widget-container\">\n\t\t\t\t\t\t\t\t\t<div class=\"elementor-button-wrapper\">\n\t\t\t\t\t<a class=\"elementor-button elementor-button-link elementor-size-sm\" href=\"https:\/\/www.cra-centre.org\/sensorialitev2\/topo\/\">\n\t\t\t\t\t\t<span class=\"elementor-button-content-wrapper\">\n\t\t\t\t\t\t\t\t\t<span class=\"elementor-button-text\">1. Les causes principales<\/span>\n\t\t\t\t\t<\/span>\n\t\t\t\t\t<\/a>\n\t\t\t\t<\/div>\n\t\t\t\t\t\t\t\t<\/div>\n\t\t\t\t<\/div>\n\t\t\t\t<\/div>\n\t\t<div class=\"elementor-element elementor-element-20f9f4a e-con-full e-flex e-con e-child\" data-id=\"20f9f4a\" data-element_type=\"container\" data-e-type=\"container\">\n\t\t\t\t<div class=\"elementor-element elementor-element-78cee4c elementor-align-justify elementor-widget elementor-widget-button\" data-id=\"78cee4c\" data-element_type=\"widget\" data-e-type=\"widget\" data-widget_type=\"button.default\">\n\t\t\t\t<div class=\"elementor-widget-container\">\n\t\t\t\t\t\t\t\t\t<div class=\"elementor-button-wrapper\">\n\t\t\t\t\t<a class=\"elementor-button elementor-button-link elementor-size-sm\" href=\"https:\/\/www.cra-centre.org\/sensorialitev2\/guide-les-modalites-sensorielles\/\">\n\t\t\t\t\t\t<span class=\"elementor-button-content-wrapper\">\n\t\t\t\t\t\t\t\t\t<span class=\"elementor-button-text\">3. Les modalit\u00e9s sensorielles<\/span>\n\t\t\t\t\t<\/span>\n\t\t\t\t\t<\/a>\n\t\t\t\t<\/div>\n\t\t\t\t\t\t\t\t<\/div>\n\t\t\t\t<\/div>\n\t\t\t\t<\/div>\n\t\t\t\t<\/div>\n\t\t\t\t\t<\/div>\n\t\t\t\t<\/div>\n\t\t\t\t<\/div>\n\t\t","protected":false},"excerpt":{"rendered":"<p>GUIDE DE LA SENSORIALIT\u00c9 2. Les 3 grands profils comportementaux sont d\u00e9crits 1. Hyper-sensibilit\u00e9 R\u00e9ponse exag\u00e9r\u00e9e \u00e0 une stimulation sensorielle du fait d\u2019un seuil de perception bas. De fa\u00e7on un peu caricaturale, la personne a besoin que la stimulation soit plus faible pour apporter une r\u00e9ponse adapt\u00e9e. 2. Hypo-sensibilit\u00e9 Absence de r\u00e9ponse ou r\u00e9ponse tr\u00e8s [&hellip;]<\/p>\n","protected":false},"author":1,"featured_media":0,"parent":0,"menu_order":0,"comment_status":"closed","ping_status":"closed","template":"elementor_header_footer","meta":{"_acf_changed":false,"footnotes":""},"class_list":["post-2314","page","type-page","status-publish","hentry","entry"],"acf":[],"_links":{"self":[{"href":"https:\/\/www.cra-centre.org\/sensorialitev2\/wp-json\/wp\/v2\/pages\/2314","targetHints":{"allow":["GET"]}}],"collection":[{"href":"https:\/\/www.cra-centre.org\/sensorialitev2\/wp-json\/wp\/v2\/pages"}],"about":[{"href":"https:\/\/www.cra-centre.org\/sensorialitev2\/wp-json\/wp\/v2\/types\/page"}],"author":[{"embeddable":true,"href":"https:\/\/www.cra-centre.org\/sensorialitev2\/wp-json\/wp\/v2\/users\/1"}],"replies":[{"embeddable":true,"href":"https:\/\/www.cra-centre.org\/sensorialitev2\/wp-json\/wp\/v2\/comments?post=2314"}],"version-history":[{"count":29,"href":"https:\/\/www.cra-centre.org\/sensorialitev2\/wp-json\/wp\/v2\/pages\/2314\/revisions"}],"predecessor-version":[{"id":2860,"href":"https:\/\/www.cra-centre.org\/sensorialitev2\/wp-json\/wp\/v2\/pages\/2314\/revisions\/2860"}],"wp:attachment":[{"href":"https:\/\/www.cra-centre.org\/sensorialitev2\/wp-json\/wp\/v2\/media?parent=2314"}],"curies":[{"name":"wp","href":"https:\/\/api.w.org\/{rel}","templated":true}]}}