{"id":649,"date":"2022-09-09T13:26:56","date_gmt":"2022-09-09T11:26:56","guid":{"rendered":"https:\/\/www.cra-centre.org\/formation\/?page_id=649"},"modified":"2025-12-16T12:09:35","modified_gmt":"2025-12-16T11:09:35","slug":"offre-personnalisee","status":"publish","type":"page","link":"https:\/\/www.cra-centre.org\/formation\/offre-personnalisee\/","title":{"rendered":"Offre personnalis\u00e9e"},"content":{"rendered":"\t\t<div data-elementor-type=\"wp-page\" data-elementor-id=\"649\" class=\"elementor elementor-649\" data-elementor-post-type=\"page\">\n\t\t\t\t\t\t<section class=\"elementor-section elementor-top-section elementor-element elementor-element-fe33810 elementor-section-boxed elementor-section-height-default elementor-section-height-default\" data-id=\"fe33810\" data-element_type=\"section\" data-e-type=\"section\" data-settings=\"{&quot;background_background&quot;:&quot;classic&quot;}\">\n\t\t\t\t\t\t\t<div class=\"elementor-background-overlay\"><\/div>\n\t\t\t\t\t\t\t<div class=\"elementor-container elementor-column-gap-default\">\n\t\t\t\t\t<div class=\"elementor-column elementor-col-100 elementor-top-column elementor-element elementor-element-0020b48\" data-id=\"0020b48\" data-element_type=\"column\" data-e-type=\"column\">\n\t\t\t<div class=\"elementor-widget-wrap elementor-element-populated\">\n\t\t\t\t\t\t<div class=\"elementor-element elementor-element-8392bd6 elementor-widget elementor-widget-heading\" data-id=\"8392bd6\" data-element_type=\"widget\" data-e-type=\"widget\" data-widget_type=\"heading.default\">\n\t\t\t\t<div class=\"elementor-widget-container\">\n\t\t\t\t\t<h2 class=\"elementor-heading-title elementor-size-default\">Notre offre personnalis\u00e9e<\/h2>\t\t\t\t<\/div>\n\t\t\t\t<\/div>\n\t\t\t\t\t<\/div>\n\t\t<\/div>\n\t\t\t\t\t<\/div>\n\t\t<\/section>\n\t\t<div class=\"elementor-element elementor-element-d672df3 e-flex e-con-boxed e-con e-parent\" data-id=\"d672df3\" data-element_type=\"container\" data-e-type=\"container\">\n\t\t\t\t\t<div class=\"e-con-inner\">\n\t\t<div class=\"elementor-element elementor-element-0c869bc e-con-full e-flex e-con e-child\" data-id=\"0c869bc\" data-element_type=\"container\" data-e-type=\"container\">\n\t\t\t\t<div class=\"elementor-element elementor-element-b7ab5d4 elementor-widget elementor-widget-heading\" data-id=\"b7ab5d4\" data-element_type=\"widget\" data-e-type=\"widget\" data-widget_type=\"heading.default\">\n\t\t\t\t<div class=\"elementor-widget-container\">\n\t\t\t\t\t<h2 class=\"elementor-heading-title elementor-size-default\">Demande d'action personnalis\u00e9e <\/h2>\t\t\t\t<\/div>\n\t\t\t\t<\/div>\n\t\t\t\t<div class=\"elementor-element elementor-element-75b98bb elementor-widget elementor-widget-text-editor\" data-id=\"75b98bb\" data-element_type=\"widget\" data-e-type=\"widget\" data-widget_type=\"text-editor.default\">\n\t\t\t\t<div class=\"elementor-widget-container\">\n\t\t\t\t\t\t\t\t\t<p>Ce type d&rsquo;offre peut \u00eatre propos\u00e9 apr\u00e8s \u00e9tude de la demande effectu\u00e9e via le formulaire en ligne ci-dessous.<br \/><span data-olk-copy-source=\"MessageBody\">Le CRA CVL intervient en intra pour des groupes compos\u00e9s a minima de 15 personnes.<\/span><\/p><p>Exemples d&rsquo;interventions :<\/p><ul><li>formation en intra-\u00e9tablissement \u00e0 destination des structures m\u00e9dico-sociales, dans le cadre de l&rsquo;\u00e9volution des pratiques ou d&rsquo;un projet d&rsquo;\u00e9tablissement ;<\/li><li>formation \u00e0 destination des \u00e9tablissements de formation professionnelle (IFSI, ITS,&#8230;), dans le cadre de la formation initiale ou continue ;<\/li><li>modules de formation pour les professionnels de l&rsquo;Education Nationale, dans le cadre des plans de formation d\u00e9partementaux et acad\u00e9miques (AESH, enseignants, communaut\u00e9 \u00e9ducative,&#8230;) ;<\/li><li>etc.<\/li><\/ul>\t\t\t\t\t\t\t\t<\/div>\n\t\t\t\t<\/div>\n\t\t<div class=\"elementor-element elementor-element-3cc57c9 e-con-full e-flex e-con e-child\" data-id=\"3cc57c9\" data-element_type=\"container\" data-e-type=\"container\">\n\t\t\t\t<div class=\"elementor-element elementor-element-fbe2d3f elementor-widget elementor-widget-formidable\" data-id=\"fbe2d3f\" data-element_type=\"widget\" data-e-type=\"widget\" data-widget_type=\"formidable.default\">\n\t\t\t\t<div class=\"elementor-widget-container\">\n\t\t\t\t\t<div class=\"frm_forms  with_frm_style frm_style_style-formidable\" id=\"frm_form_6_container\" data-token=\"d24ef576f13fb0406628989835693b3f\">\n<form enctype=\"multipart\/form-data\" method=\"post\" class=\"frm-show-form  frm_pro_form \" id=\"form_demande-daction-personnalisee\" data-token=\"d24ef576f13fb0406628989835693b3f\">\n<div class=\"frm_form_fields  frm_page_num_1\">\n<fieldset>\n<legend class=\"frm_screen_reader\">Demande d'action personnalis\u00e9e<\/legend>\r\n\r\n<div class=\"frm_fields_container\">\n<div class=\"frm_rootline_group\" role=\"group\" tabindex=\"0\" aria-label=\"Page 1 sur 3\" ><ul class=\"frm_page_bar frm_rootline_3 frm_progress frm_progress_line  frm_show_lines \"><li class=\"frm_rootline_single frm_current_page\"><input type=\"button\" value=\"1\" data-page=\"\" class=\" frm_page_1\" aria-disabled=\"true\" data-field=\"0\" aria-label=\"Page 1\"  \/><\/li><li class=\"frm_rootline_single\"><input type=\"button\" value=\"2\" data-page=\"15\" class=\"frm_page_skip frm_page_2\" data-field=\"102\" aria-label=\"Suivant\"  \/><\/li><li class=\"frm_rootline_single\"><input type=\"button\" value=\"3\" data-page=\"24\" class=\"frm_page_skip frm_page_3\" data-field=\"107\" aria-label=\"Suivant\"  \/><\/li><\/ul><div class=\"frm_percent_complete\">0%\u00a0termin\u00e9<\/div><div class=\"frm_pages_complete\">1 de 3<\/div><div class=\"frm_clearfix\"><\/div><\/div><input type=\"hidden\" name=\"frm_action\" value=\"create\" \/>\n<input type=\"hidden\" name=\"form_id\" value=\"6\" \/>\n<input type=\"hidden\" name=\"frm_hide_fields_6\" id=\"frm_hide_fields_6\" value=\"\" \/>\n<input type=\"hidden\" name=\"form_key\" value=\"demande-daction-personnalisee\" \/>\n<input type=\"hidden\" name=\"item_meta[0]\" value=\"\" \/>\n<input type=\"hidden\" id=\"frm_submit_entry_6\" name=\"frm_submit_entry_6\" value=\"b52144ca63\" \/><input type=\"hidden\" name=\"_wp_http_referer\" value=\"\/formation\/wp-json\/wp\/v2\/pages\/649\" \/><div id=\"frm_field_79_container\" class=\"frm_form_field form-field  frm_required_field frm_top_container frm6 frm_first\">\r\n\t<label for=\"field_hgpvn\" id=\"field_hgpvn_label\" class=\"frm_primary_label\">Nom de l'\u00e9tablissement ou de la structure demandeuse\r\n\t\t<span class=\"frm_required\" aria-hidden=\"true\">*<\/span>\r\n\t<\/label>\r\n\t<input  type=\"text\" id=\"field_hgpvn\" name=\"item_meta[79]\" value=\"\"  data-reqmsg=\"Nom de l&#039;\u00e9tablissement ou de la structure demandeuse ne peut pas \u00eatre vide.\" aria-required=\"true\" data-invmsg=\"Nom de l&#039;\u00e9tablissement ou de la structure demandeuse est non valide\" aria-invalid=\"false\"   \/>\r\n\t\r\n\t\r\n<\/div>\n<div id=\"frm_field_80_container\" class=\"frm_form_field form-field  frm_required_field frm_top_container frm6\">\r\n\t<label for=\"field_ut6fd\" id=\"field_ut6fd_label\" class=\"frm_primary_label\">Nom du service demandeur\r\n\t\t<span class=\"frm_required\" aria-hidden=\"true\">*<\/span>\r\n\t<\/label>\r\n\t<input  type=\"text\" id=\"field_ut6fd\" name=\"item_meta[80]\" value=\"\"  data-reqmsg=\"Nom du service demandeur ne peut pas \u00eatre vide.\" aria-required=\"true\" data-invmsg=\"Nom du service demandeur est non valide\" aria-invalid=\"false\"   \/>\r\n\t\r\n\t\r\n<\/div>\n<div id=\"frm_field_81_container\" class=\"frm_form_field form-field  frm_required_field frm_top_container\">\r\n\t<label for=\"field_fq0i1\" id=\"field_fq0i1_label\" class=\"frm_primary_label\">Nom de votre organisme gestionnaire\r\n\t\t<span class=\"frm_required\" aria-hidden=\"true\">*<\/span>\r\n\t<\/label>\r\n\t<input  type=\"text\" id=\"field_fq0i1\" name=\"item_meta[81]\" value=\"\"  data-reqmsg=\"Nom de votre organisme gestionnaire ne peut pas \u00eatre vide.\" aria-required=\"true\" data-invmsg=\"Nom de votre organisme gestionnaire est non valide\" aria-invalid=\"false\"   \/>\r\n\t\r\n\t\r\n<\/div>\n<div id=\"frm_field_83_container\" class=\"frm_form_field form-field  frm_required_field frm_top_container frm6 frm_first\">\r\n\t<label for=\"field_m12tl\" id=\"field_m12tl_label\" class=\"frm_primary_label\">Adresse\r\n\t\t<span class=\"frm_required\" aria-hidden=\"true\">*<\/span>\r\n\t<\/label>\r\n\t<input  type=\"text\" id=\"field_m12tl\" name=\"item_meta[83]\" value=\"\"  data-reqmsg=\"Adresse ne peut pas \u00eatre vide.\" aria-required=\"true\" data-invmsg=\"Adresse est non valide\" aria-invalid=\"false\"   \/>\r\n\t\r\n\t\r\n<\/div>\n<div id=\"frm_field_84_container\" class=\"frm_form_field form-field  frm_required_field frm_top_container frm6\">\r\n\t<label for=\"field_64cm3\" id=\"field_64cm3_label\" class=\"frm_primary_label\">Ville\r\n\t\t<span class=\"frm_required\" aria-hidden=\"true\">*<\/span>\r\n\t<\/label>\r\n\t<input  type=\"text\" id=\"field_64cm3\" name=\"item_meta[84]\" value=\"\"  data-reqmsg=\"Ville ne peut pas \u00eatre vide.\" aria-required=\"true\" data-invmsg=\"Ville est non valide\" aria-invalid=\"false\"   \/>\r\n\t\r\n\t\r\n<\/div>\n<div id=\"frm_field_85_container\" class=\"frm_form_field form-field  frm_required_field frm_top_container frm6 frm_first\">\r\n\t<label for=\"field_j4rw1\" id=\"field_j4rw1_label\" class=\"frm_primary_label\">Code postal\r\n\t\t<span class=\"frm_required\" aria-hidden=\"true\">*<\/span>\r\n\t<\/label>\r\n\t<input type=\"number\" id=\"field_j4rw1\" name=\"item_meta[85]\" value=\"\" data-reqmsg=\"Code postal ne peut pas \u00eatre vide.\" aria-required=\"true\" data-invmsg=\"Code postal est non valide\" aria-invalid=\"false\"   min=\"0\" max=\"9999999\" step=\"any\" \/>\r\n\t\r\n\t\r\n<\/div>\n<div id=\"frm_field_86_container\" class=\"frm_form_field form-field  frm_required_field frm_top_container frm6\">\r\n\t<label for=\"field_g80fj\" id=\"field_g80fj_label\" class=\"frm_primary_label\">T\u00e9l\u00e9phone\r\n\t\t<span class=\"frm_required\" aria-hidden=\"true\">*<\/span>\r\n\t<\/label>\r\n\t<input type=\"tel\" id=\"field_g80fj\" name=\"item_meta[86]\" value=\"\"  data-reqmsg=\"T\u00e9l\u00e9phone ne peut pas \u00eatre vide.\" aria-required=\"true\" data-invmsg=\"T\u00e9l\u00e9phone est non valide\" aria-invalid=\"false\" pattern=\"((\\+\\d{1,3}(-|.| )?\\(?\\d\\)?(-| |.)?\\d{1,5})|(\\(?\\d{2,6}\\)?))(-|.| )?(\\d{3,4})(-|.| )?(\\d{4})(( x| ext)\\d{1,5}){0,1}$\"  \/>\r\n\t\r\n\t\r\n<\/div>\n<input type=\"hidden\" name=\"frm_page_order_6\" id=\"frm_page_order_6\" value=\"15\" \/>\t\t<input  type=\"hidden\" name=\"item_meta[103]\" id=\"field_retf6\" value=\"\"     \/>\n\t\t\t\t<input  type=\"hidden\" name=\"item_meta[104]\" id=\"field_lf3xu\" value=\"\"     \/>\n\t\t\t\t<input  type=\"hidden\" name=\"item_meta[105]\" id=\"field_1uvdh\" value=\"\"     \/>\n\t\t\t\t<input  type=\"hidden\" name=\"item_meta[106]\" id=\"field_h7v88\" value=\"\"  autocomplete=\"email\"     \/>\n\t\t\t\t<input  type=\"hidden\" name=\"item_meta[107]\" id=\"field_2m9pk\" value=\"\"     \/>\n\t\t\t\t<input  type=\"hidden\" name=\"item_meta[109]\" id=\"field_yskvt\" value=\"\"     \/>\n\t\t\t\t<input  type=\"hidden\" name=\"item_meta[111]\" id=\"field_dps2s\" value=\"\"     \/>\n\t\t\t\t<input  type=\"hidden\" name=\"item_meta[112]\" id=\"field_6cv85-0\" value=\"\"     \/>\n\t\t\t\t<input  type=\"hidden\" name=\"item_meta[113]\" id=\"field_93z7t\" value=\"\"     \/>\n\t\t\t\t<input  type=\"hidden\" name=\"item_meta[114]\" id=\"field_93uim\" value=\"\"     \/>\n\t\t\t\t<input  type=\"hidden\" name=\"item_meta[115]\" id=\"field_mv8r8\" value=\"\"     \/>\n\t\t\t\t<input  type=\"hidden\" name=\"item_meta[78]\" id=\"field_envoyer3\" value=\"\"     \/>\n\t\t\t<input type=\"hidden\" name=\"item_key\" value=\"\" \/>\n\t\t\t<div id=\"frm_field_188_container\">\n\t\t\t<label for=\"field_vz2vf\" >\n\t\t\t\tSi vous \u00eates un humain, ne remplissez pas ce champ.\t\t\t<\/label>\n\t\t\t<input  id=\"field_vz2vf\" type=\"text\" class=\"frm_form_field form-field frm_verify\" name=\"item_meta[188]\" value=\"\"  \/>\n\t\t<\/div>\n\t\t<input name=\"frm_state\" type=\"hidden\" value=\"uAWZuftU6TnDKZwwTw071t13RyZfaxLCYp0Qe5X88yn9p5ZImxb3r3PfHebykZt3\" \/><div class=\"frm_submit frm_flex\">\r\n<button class=\"frm_button_submit\" type=\"submit\"  >Suivant<\/button>\r\n\r\n\r\n\r\n<\/div><\/div>\n<\/fieldset>\n<\/div>\n\n<\/form>\n<\/div>\n\t\t\t\t<\/div>\n\t\t\t\t<\/div>\n\t\t\t\t<\/div>\n\t\t\t\t<\/div>\n\t\t\t\t\t<\/div>\n\t\t\t\t<\/div>\n\t\t\t\t<\/div>\n\t\t","protected":false},"excerpt":{"rendered":"<p>Notre offre personnalis\u00e9e Demande d&rsquo;action personnalis\u00e9e Ce type d&rsquo;offre peut \u00eatre propos\u00e9 apr\u00e8s \u00e9tude de la demande effectu\u00e9e via le formulaire en ligne ci-dessous.Le CRA CVL intervient en intra pour des groupes compos\u00e9s a minima de 15 personnes. Exemples d&rsquo;interventions : formation en intra-\u00e9tablissement \u00e0 destination des structures m\u00e9dico-sociales, dans le cadre de l&rsquo;\u00e9volution des [&hellip;]<\/p>\n","protected":false},"author":1,"featured_media":0,"parent":0,"menu_order":50,"comment_status":"closed","ping_status":"closed","template":"elementor_header_footer","meta":{"_acf_changed":false,"footnotes":""},"class_list":["post-649","page","type-page","status-publish","hentry","entry"],"acf":[],"_links":{"self":[{"href":"https:\/\/www.cra-centre.org\/formation\/wp-json\/wp\/v2\/pages\/649","targetHints":{"allow":["GET"]}}],"collection":[{"href":"https:\/\/www.cra-centre.org\/formation\/wp-json\/wp\/v2\/pages"}],"about":[{"href":"https:\/\/www.cra-centre.org\/formation\/wp-json\/wp\/v2\/types\/page"}],"author":[{"embeddable":true,"href":"https:\/\/www.cra-centre.org\/formation\/wp-json\/wp\/v2\/users\/1"}],"replies":[{"embeddable":true,"href":"https:\/\/www.cra-centre.org\/formation\/wp-json\/wp\/v2\/comments?post=649"}],"version-history":[{"count":105,"href":"https:\/\/www.cra-centre.org\/formation\/wp-json\/wp\/v2\/pages\/649\/revisions"}],"predecessor-version":[{"id":3883,"href":"https:\/\/www.cra-centre.org\/formation\/wp-json\/wp\/v2\/pages\/649\/revisions\/3883"}],"wp:attachment":[{"href":"https:\/\/www.cra-centre.org\/formation\/wp-json\/wp\/v2\/media?parent=649"}],"curies":[{"name":"wp","href":"https:\/\/api.w.org\/{rel}","templated":true}]}}